{"id":2508,"date":"2019-10-23T20:57:49","date_gmt":"2019-10-23T20:57:49","guid":{"rendered":"http:\/\/diseno.tudominio.pro\/quickllama\/libro-de-reclamaciones\/"},"modified":"2019-12-09T22:20:50","modified_gmt":"2019-12-09T22:20:50","slug":"livre-des-plaintes","status":"publish","type":"page","link":"https:\/\/www.quickllama.com\/fr\/livre-des-plaintes\/","title":{"rendered":"Livre des Plaintes"},"content":{"rendered":"<div class=\"wpb-content-wrapper\"><p>[vc_row full_width=&#8221;stretch_row&#8221;][vc_column]<div id=\"sc_content_1405444343\"\n\t\tclass=\"sc_content color_style_default sc_content_default sc_float_center sc_content_width_2_3\"><h3 class=\"sc_item_title sc_content_title sc_align_left sc_item_title_style_default\">Remplissez le formulaire<\/h3><div class=\"sc_item_descr sc_content_descr sc_align_left\"><p>Conform\u00e9ment aux dispositions du code de protection et de d\u00e9fense des consommateurs, nous avons \u00e0 votre disposition un cahier de r\u00e9clamation. Saisissez une r\u00e9clamation ou une r\u00e9clamation ici.<\/p>\n<\/div><div class=\"sc_content_container\">[vc_empty_space hide_on_mobile=&#8221;&#8221;][vc_column_text]\n<div class=\"wpcf7 no-js\" id=\"wpcf7-f2507-o1\" lang=\"en-US\" dir=\"ltr\" data-wpcf7-id=\"2507\">\n<div class=\"screen-reader-response\"><p role=\"status\" aria-live=\"polite\" aria-atomic=\"true\"><\/p> <ul><\/ul><\/div>\n<form action=\"\/fr\/wp-json\/wp\/v2\/pages\/2508#wpcf7-f2507-o1\" method=\"post\" class=\"wpcf7-form init\" aria-label=\"Contact form\" novalidate=\"novalidate\" data-status=\"init\">\n<fieldset class=\"hidden-fields-container\"><input type=\"hidden\" name=\"_wpcf7\" value=\"2507\" \/><input type=\"hidden\" name=\"_wpcf7_version\" value=\"6.1.4\" \/><input type=\"hidden\" name=\"_wpcf7_locale\" value=\"en_US\" \/><input type=\"hidden\" name=\"_wpcf7_unit_tag\" value=\"wpcf7-f2507-o1\" \/><input type=\"hidden\" name=\"_wpcf7_container_post\" value=\"0\" \/><input type=\"hidden\" name=\"_wpcf7_posted_data_hash\" value=\"\" \/><input type=\"hidden\" name=\"_wpcf7_recaptcha_response\" value=\"\" \/>\n<\/fieldset>\n<h5>Date de la R\u00e9clamation\n<\/h5>\n<div class=\"trx_addons_columns_wrap\">\n\t<div class=\"trx_addons_column-1_2\">\n\t\t<p><span class=\"wpcf7-form-control-wrap\" data-name=\"pick-up-date\"><input size=\"40\" maxlength=\"400\" class=\"wpcf7-form-control wpcf7-text wpcf7-validates-as-required\" aria-required=\"true\" aria-invalid=\"false\" placeholder=\"Date\" value=\"\" type=\"text\" name=\"pick-up-date\" \/><\/span>\n\t\t<\/p>\n\t<\/div>\n\t<div class=\"trx_addons_column-1_2\">\n\t\t<p><span class=\"wpcf7-form-control-wrap\" data-name=\"pick-up-time\"><input size=\"40\" maxlength=\"400\" class=\"wpcf7-form-control wpcf7-text wpcf7-validates-as-required\" aria-required=\"true\" aria-invalid=\"false\" placeholder=\"Heure\" value=\"\" type=\"text\" name=\"pick-up-time\" \/><\/span>\n\t\t<\/p>\n\t<\/div>\n<\/div>\n<h5>Informations du Client\n<\/h5>\n<div class=\"trx_addons_columns_wrap\">\n\t<div class=\"trx_addons_column-1_2\">\n\t\t<p><span class=\"wpcf7-form-control-wrap\" data-name=\"your-name\"><input size=\"40\" maxlength=\"400\" class=\"wpcf7-form-control wpcf7-text wpcf7-validates-as-required\" aria-required=\"true\" aria-invalid=\"false\" placeholder=\"Nom\" value=\"\" type=\"text\" name=\"your-name\" \/><\/span>\n\t\t<\/p>\n\t<\/div>\n\t<div class=\"trx_addons_column-1_2\">\n\t\t<p><span class=\"wpcf7-form-control-wrap\" data-name=\"domicilio\"><input size=\"40\" maxlength=\"400\" class=\"wpcf7-form-control wpcf7-text wpcf7-validates-as-required\" aria-required=\"true\" aria-invalid=\"false\" placeholder=\"Adresse\" value=\"\" type=\"text\" name=\"domicilio\" \/><\/span>\n\t\t<\/p>\n\t<\/div>\n<\/div>\n<div class=\"trx_addons_columns_wrap\">\n\t<div class=\"trx_addons_column-1_2\">\n\t\t<p><span class=\"wpcf7-form-control-wrap\" data-name=\"your-dni\"><input size=\"40\" maxlength=\"400\" class=\"wpcf7-form-control wpcf7-text wpcf7-validates-as-required\" aria-required=\"true\" aria-invalid=\"false\" placeholder=\"DNI ou Passeport\" value=\"\" type=\"text\" name=\"your-dni\" \/><\/span>\n\t\t<\/p>\n\t<\/div>\n\t<div class=\"trx_addons_column-1_2\">\n\t\t<p><span class=\"wpcf7-form-control-wrap\" data-name=\"phone-number\"><input size=\"40\" maxlength=\"400\" class=\"wpcf7-form-control wpcf7-tel wpcf7-validates-as-required wpcf7-text wpcf7-validates-as-tel\" aria-required=\"true\" aria-invalid=\"false\" placeholder=\"T\u00e9l\u00e9phone\" value=\"\" type=\"tel\" name=\"phone-number\" \/><\/span>\n\t\t<\/p>\n\t<\/div>\n<\/div>\n<div class=\"trx_addons_columns_wrap\">\n\t<div class=\"trx_addons_column-1_1\">\n\t\t<p><span class=\"wpcf7-form-control-wrap\" data-name=\"your-email\"><input size=\"40\" maxlength=\"400\" class=\"wpcf7-form-control wpcf7-email wpcf7-validates-as-required wpcf7-text wpcf7-validates-as-email\" aria-required=\"true\" aria-invalid=\"false\" placeholder=\"Email\" value=\"\" type=\"email\" name=\"your-email\" \/><\/span>\n\t\t<\/p>\n\t<\/div>\n<\/div>\n<h5>D\u00e9tails du Service\n<\/h5>\n<div class=\"trx_addons_columns_wrap\">\n\t<div class=\"trx_addons_column-1_1\" style=\"margin-bottom: 30px;\">\n\t\t<p><span class=\"wpcf7-form-control-wrap\" data-name=\"service-type\"><select class=\"wpcf7-form-control wpcf7-select\" aria-invalid=\"false\" name=\"service-type\"><option value=\"Transport Partag\u00e9\">Transport Partag\u00e9<\/option><option value=\"Transport Priv\u00e9\">Transport Priv\u00e9<\/option><option value=\"Transports Sp\u00e9ciaux\">Transports Sp\u00e9ciaux<\/option><\/select><\/span>\n\t\t<\/p>\n\t<\/div>\n<\/div>\n<div class=\"trx_addons_columns_wrap\">\n\t<div class=\"trx_addons_column-1_2\">\n\t\t<p><span class=\"wpcf7-form-control-wrap\" data-name=\"chofer\"><input size=\"40\" maxlength=\"400\" class=\"wpcf7-form-control wpcf7-text wpcf7-validates-as-required\" aria-required=\"true\" aria-invalid=\"false\" placeholder=\"Chauffeur\" value=\"\" type=\"text\" name=\"chofer\" \/><\/span>\n\t\t<\/p>\n\t<\/div>\n\t<div class=\"trx_addons_column-1_2\">\n\t\t<p><span class=\"wpcf7-form-control-wrap\" data-name=\"monto_reclamado\"><input size=\"40\" maxlength=\"400\" class=\"wpcf7-form-control wpcf7-text wpcf7-validates-as-required\" aria-required=\"true\" aria-invalid=\"false\" placeholder=\"Montant R\u00e9clam\u00e9\" value=\"\" type=\"text\" name=\"monto_reclamado\" \/><\/span>\n\t\t<\/p>\n\t<\/div>\n<\/div>\n<div class=\"trx_addons_columns_wrap\">\n\t<div class=\"trx_addons_column-1_1\" style=\"margin-bottom: 2.25em;\">\n\t\t<p><span class=\"wpcf7-form-control-wrap\" data-name=\"descripcion\"><textarea cols=\"40\" rows=\"4\" maxlength=\"2000\" class=\"wpcf7-form-control wpcf7-textarea wpcf7-validates-as-required\" aria-required=\"true\" aria-invalid=\"false\" placeholder=\"Description\" name=\"descripcion\"><\/textarea><\/span>\n\t\t<\/p>\n\t<\/div>\n<\/div>\n<div class=\"trx_addons_columns_wrap\">\n\t<div class=\"trx_addons_column-1_1\">\n\t\t<p><span class=\"wpcf7-form-control-wrap\" data-name=\"pedido\"><textarea cols=\"40\" rows=\"6\" maxlength=\"2000\" class=\"wpcf7-form-control wpcf7-textarea wpcf7-validates-as-required\" aria-required=\"true\" aria-invalid=\"false\" placeholder=\"Demande\" name=\"pedido\"><\/textarea><\/span>\n\t\t<\/p>\n\t<\/div>\n<\/div>\n<p><input class=\"wpcf7-form-control wpcf7-submit has-spinner\" type=\"submit\" value=\"Envoyer\" \/>\n<\/p><div class=\"wpcf7-response-output\" aria-hidden=\"true\"><\/div>\n<\/form>\n<\/div>\n[\/vc_column_text]<\/div><\/div><!-- \/.sc_content -->[\/vc_column][\/vc_row]<\/p>\n<\/div>","protected":false},"excerpt":{"rendered":"<p>[vc_row full_width=&#8221;stretch_row&#8221;][vc_column][\/vc_column][\/vc_row]<\/p>\n","protected":false},"author":1,"featured_media":0,"parent":0,"menu_order":0,"comment_status":"closed","ping_status":"closed","template":"","meta":{"footnotes":""},"class_list":["post-2508","page","type-page","status-publish","hentry"],"_links":{"self":[{"href":"https:\/\/www.quickllama.com\/fr\/wp-json\/wp\/v2\/pages\/2508","targetHints":{"allow":["GET"]}}],"collection":[{"href":"https:\/\/www.quickllama.com\/fr\/wp-json\/wp\/v2\/pages"}],"about":[{"href":"https:\/\/www.quickllama.com\/fr\/wp-json\/wp\/v2\/types\/page"}],"author":[{"embeddable":true,"href":"https:\/\/www.quickllama.com\/fr\/wp-json\/wp\/v2\/users\/1"}],"replies":[{"embeddable":true,"href":"https:\/\/www.quickllama.com\/fr\/wp-json\/wp\/v2\/comments?post=2508"}],"version-history":[{"count":3,"href":"https:\/\/www.quickllama.com\/fr\/wp-json\/wp\/v2\/pages\/2508\/revisions"}],"predecessor-version":[{"id":2511,"href":"https:\/\/www.quickllama.com\/fr\/wp-json\/wp\/v2\/pages\/2508\/revisions\/2511"}],"wp:attachment":[{"href":"https:\/\/www.quickllama.com\/fr\/wp-json\/wp\/v2\/media?parent=2508"}],"curies":[{"name":"wp","href":"https:\/\/api.w.org\/{rel}","templated":true}]}}