{"id":2477,"date":"2017-03-20T09:45:14","date_gmt":"2017-03-20T09:45:14","guid":{"rendered":"http:\/\/diseno.tudominio.pro\/quickllama\/contactanos\/"},"modified":"2019-12-09T20:38:20","modified_gmt":"2019-12-09T20:38:20","slug":"nous-contacter","status":"publish","type":"page","link":"https:\/\/www.quickllama.com\/fr\/nous-contacter\/","title":{"rendered":"Nous Contacter"},"content":{"rendered":"<div class=\"wpb-content-wrapper\"><p>[vc_row equal_height=&#8221;yes&#8221; content_placement=&#8221;middle&#8221;][vc_column width=&#8221;5\/12&#8243; icons_position=&#8221;left&#8221; css=&#8221;.vc_custom_1571443102664{background-image: url(http:\/\/diseno.tudominio.pro\/quickllama\/wp-content\/uploads\/2017\/05\/bg-call-us2.png?id=1589) !important;background-position: center !important;background-repeat: no-repeat !important;background-size: cover !important;}&#8221;]<div id=\"sc_content_1785731842\"\n\t\tclass=\"sc_content color_style_default scheme_dark sc_content_default sc_float_center  vc_custom_1571859427339\"><div class=\"sc_content_container\"><div id=\"sc_icons_1247069833\" \n\tclass=\"sc_icons sc_icons_modern sc_icons_size_small sc_align_left\"><div class=\"sc_icons_item sc_icons_item_linked\"><div id=\"sc_icons_1247069833_icon-mega-smartphone\" class=\"sc_icons_icon sc_icon_type_fontawesome icon-mega-smartphone\"\n\t\t\t\t\t\t style=\"color: #02e5e3\"\t\t\t\t\t\t><span class=\"sc_icon_type_fontawesome icon-mega-smartphone\" style=\"color: #02e5e3\"><\/span><\/div><h4 class=\"sc_icons_item_title\"><span>Appelez-nous<\/span><\/h4><div class=\"sc_icons_item_description\"><span>+51 960 165 148<\/span><\/div><a href=\"tel:%20+51960165148\" class=\"sc_icons_item_link\"><\/a><\/div><div class=\"sc_icons_item sc_icons_item_linked\"><div id=\"sc_icons_1247069833_icon-contact\" class=\"sc_icons_icon sc_icon_type_fontawesome icon-contact\"\n\t\t\t\t\t\t style=\"color: #02e5e3\"\t\t\t\t\t\t><span class=\"sc_icon_type_fontawesome icon-contact\" style=\"color: #02e5e3\"><\/span><\/div><h4 class=\"sc_icons_item_title\"><span>\u00c9cris nous<\/span><\/h4><div class=\"sc_icons_item_description\"><span>contacto@quickllama.com<\/span><\/div><a href=\"mailto:%20contacto@quickllama.com\" class=\"sc_icons_item_link\"><\/a><\/div><div class=\"sc_icons_item sc_icons_item_linked\"><div id=\"sc_icons_1247069833_fa fa-facebook\" class=\"sc_icons_icon sc_icon_type_fontawesome fa fa-facebook\"\n\t\t\t\t\t\t style=\"color: #02e5e3\"\t\t\t\t\t\t><span class=\"sc_icon_type_fontawesome fa fa-facebook\" style=\"color: #02e5e3\"><\/span><\/div><h4 class=\"sc_icons_item_title\"><span>Facebook<\/span><\/h4><div class=\"sc_icons_item_description\"><span>\/QuickLlama<\/span><\/div><a href=\"https:\/\/www.facebook.com\/QuickLlama\/\" class=\"sc_icons_item_link\"><\/a><\/div><div class=\"sc_icons_item sc_icons_item_linked\"><div id=\"sc_icons_1247069833_icon-instagramm\" class=\"sc_icons_icon sc_icon_type_fontawesome icon-instagramm\"\n\t\t\t\t\t\t style=\"color: #02e5e3\"\t\t\t\t\t\t><span class=\"sc_icon_type_fontawesome icon-instagramm\" style=\"color: #02e5e3\"><\/span><\/div><h4 class=\"sc_icons_item_title\"><span>Instagram<\/span><\/h4><div class=\"sc_icons_item_description\"><span>@QuickLlama<\/span><\/div><a href=\"https:\/\/www.instagram.com\/quickllama\/\" class=\"sc_icons_item_link\"><\/a><\/div><div class=\"sc_icons_item sc_icons_item_linked\"><div id=\"sc_icons_1247069833_fa fa-whatsapp\" class=\"sc_icons_icon sc_icon_type_fontawesome fa fa-whatsapp\"\n\t\t\t\t\t\t style=\"color: #02e5e3\"\t\t\t\t\t\t><span class=\"sc_icon_type_fontawesome fa fa-whatsapp\" style=\"color: #02e5e3\"><\/span><\/div><h4 class=\"sc_icons_item_title\"><span>Whatsapp<\/span><\/h4><div class=\"sc_icons_item_description\"><span>Iniciar Chat<\/span><\/div><a href=\"https:\/\/api.whatsapp.com\/send?phone=51960165148&#038;text=Hola,%20solicito%20m%C3%A1s%20info\" class=\"sc_icons_item_link\"><\/a><\/div><\/div><!-- \/.sc_icons --><\/div><\/div><!-- \/.sc_content -->[\/vc_column][vc_column width=&#8221;1\/12&#8243; offset=&#8221;vc_hidden-xs&#8221;][\/vc_column][vc_column width=&#8221;1\/2&#8243; icons_position=&#8221;left&#8221;][vc_empty_space alter_height=&#8221;large&#8221; hide_on_mobile=&#8221;&#8221;]<div id=\"sc_title_1107389936\"\n\t\tclass=\"sc_title color_style_default sc_title_default\"><h3 class=\"sc_item_title sc_title_title sc_align_left sc_item_title_style_default\">\u00c9cris nous<\/h3><\/div><!-- \/.sc_title -->[vc_empty_space height=&#8221;20px&#8221; alter_height=&#8221;large&#8221; hide_on_mobile=&#8221;&#8221;]\n<div class=\"wpcf7 no-js\" id=\"wpcf7-f2481-o1\" lang=\"en-US\" dir=\"ltr\" data-wpcf7-id=\"2481\">\n<div class=\"screen-reader-response\"><p role=\"status\" aria-live=\"polite\" aria-atomic=\"true\"><\/p> <ul><\/ul><\/div>\n<form action=\"\/fr\/wp-json\/wp\/v2\/pages\/2477#wpcf7-f2481-o1\" method=\"post\" class=\"wpcf7-form init\" aria-label=\"Contact form\" novalidate=\"novalidate\" data-status=\"init\">\n<fieldset class=\"hidden-fields-container\"><input type=\"hidden\" name=\"_wpcf7\" value=\"2481\" \/><input type=\"hidden\" name=\"_wpcf7_version\" value=\"6.1.4\" \/><input type=\"hidden\" name=\"_wpcf7_locale\" value=\"en_US\" \/><input type=\"hidden\" name=\"_wpcf7_unit_tag\" value=\"wpcf7-f2481-o1\" \/><input type=\"hidden\" name=\"_wpcf7_container_post\" value=\"0\" \/><input type=\"hidden\" name=\"_wpcf7_posted_data_hash\" value=\"\" \/><input type=\"hidden\" name=\"_wpcf7_recaptcha_response\" value=\"\" \/>\n<\/fieldset>\n<div class=\"contact-form\">\n\t<div class=\"trx_addons_columns_wrap\">\n\t\t<div class=\"trx_addons_column-1_2\">\n\t\t\t<p><span class=\"wpcf7-form-control-wrap\" data-name=\"your-name\"><input size=\"40\" maxlength=\"400\" class=\"wpcf7-form-control wpcf7-text wpcf7-validates-as-required\" aria-required=\"true\" aria-invalid=\"false\" placeholder=\"Nom\" value=\"\" type=\"text\" name=\"your-name\" \/><\/span>\n\t\t\t<\/p>\n\t\t<\/div>\n\t\t<div class=\"trx_addons_column-1_2\">\n\t\t\t<p><span class=\"wpcf7-form-control-wrap\" data-name=\"your-pais\"><input size=\"40\" maxlength=\"400\" class=\"wpcf7-form-control wpcf7-text wpcf7-validates-as-required\" aria-required=\"true\" aria-invalid=\"false\" placeholder=\"Pays\" value=\"\" type=\"text\" name=\"your-pais\" \/><\/span>\n\t\t\t<\/p>\n\t\t<\/div>\n\t<\/div>\n\t<div class=\"trx_addons_columns_wrap\">\n\t\t<div class=\"trx_addons_column-1_2\">\n\t\t\t<p><span class=\"wpcf7-form-control-wrap\" data-name=\"phone-number\"><input size=\"40\" maxlength=\"400\" class=\"wpcf7-form-control wpcf7-tel wpcf7-validates-as-required wpcf7-text wpcf7-validates-as-tel\" aria-required=\"true\" aria-invalid=\"false\" placeholder=\"Num\u00e9ro de t\u00e9l\u00e9phone\" value=\"\" type=\"tel\" name=\"phone-number\" \/><\/span>\n\t\t\t<\/p>\n\t\t<\/div>\n\t\t<div class=\"trx_addons_column-1_2\">\n\t\t\t<p><span class=\"wpcf7-form-control-wrap\" data-name=\"correo\"><input size=\"40\" maxlength=\"400\" class=\"wpcf7-form-control wpcf7-email wpcf7-validates-as-required wpcf7-text wpcf7-validates-as-email\" aria-required=\"true\" aria-invalid=\"false\" placeholder=\"Email\" value=\"\" type=\"email\" name=\"correo\" \/><\/span>\n\t\t\t<\/p>\n\t\t<\/div>\n\t<\/div>\n\t<div class=\"trx_addons_columns_wrap\">\n\t\t<div class=\"trx_addons_column-1_2\">\n\t\t\t<p><span class=\"wpcf7-form-control-wrap\" data-name=\"passengers\"><input size=\"40\" maxlength=\"400\" class=\"wpcf7-form-control wpcf7-text wpcf7-validates-as-required\" aria-required=\"true\" aria-invalid=\"false\" placeholder=\"Nombre de passagers\" value=\"\" type=\"text\" name=\"passengers\" \/><\/span>\n\t\t\t<\/p>\n\t\t<\/div>\n\t\t<div class=\"trx_addons_column-1_2\">\n\t\t\t<p><span class=\"wpcf7-form-control-wrap\" data-name=\"pick-up-date\"><input size=\"40\" maxlength=\"400\" class=\"wpcf7-form-control wpcf7-text wpcf7-validates-as-required\" aria-required=\"true\" aria-invalid=\"false\" placeholder=\"Date et heure\" value=\"\" type=\"text\" name=\"pick-up-date\" \/><\/span>\n\t\t\t<\/p>\n\t\t<\/div>\n\t<\/div>\n\t<div class=\"trx_addons_columns_wrap\">\n\t\t<div class=\"trx_addons_column-1_1\">\n\t\t\t<p><span class=\"wpcf7-form-control-wrap\" data-name=\"mensaje\"><textarea cols=\"40\" rows=\"4\" maxlength=\"2000\" class=\"wpcf7-form-control wpcf7-textarea wpcf7-validates-as-required\" aria-required=\"true\" aria-invalid=\"false\" placeholder=\"Message : Veuillez indiquer les lieux de prise en charge et de d\u00e9pose, le nombre de passagers, les d\u00e9tails sur les bagages, les informations de vol pour les arriv\u00e9es ou d\u00e9parts, et toute autre information pertinente pour votre demande.\" name=\"mensaje\"><\/textarea><\/span>\n\t\t\t<\/p>\n\t\t<\/div>\n\t<\/div>\n\t<p><input class=\"wpcf7-form-control wpcf7-submit has-spinner\" type=\"submit\" value=\"Envoyer le Message\" \/>\n\t<\/p>\n<\/div><div class=\"wpcf7-response-output\" aria-hidden=\"true\"><\/div>\n<\/form>\n<\/div>\n[vc_empty_space alter_height=&#8221;large&#8221; hide_on_mobile=&#8221;&#8221;][\/vc_column][\/vc_row]<\/p>\n<\/div>","protected":false},"excerpt":{"rendered":"<p>[vc_row equal_height=&#8221;yes&#8221; content_placement=&#8221;middle&#8221;][vc_column width=&#8221;5\/12&#8243; icons_position=&#8221;left&#8221; css=&#8221;.vc_custom_1571443102664{background-image: url(http:\/\/diseno.tudominio.pro\/quickllama\/wp-content\/uploads\/2017\/05\/bg-call-us2.png?id=1589) !important;background-position: center !important;background-repeat: no-repeat !important;background-size: cover !important;}&#8221;][\/vc_column][vc_column width=&#8221;1\/12&#8243; offset=&#8221;vc_hidden-xs&#8221;][\/vc_column][vc_column width=&#8221;1\/2&#8243; icons_position=&#8221;left&#8221;][vc_empty_space alter_height=&#8221;large&#8221; hide_on_mobile=&#8221;&#8221;][vc_empty_space height=&#8221;20px&#8221; alter_height=&#8221;large&#8221; hide_on_mobile=&#8221;&#8221;][vc_empty_space alter_height=&#8221;large&#8221; hide_on_mobile=&#8221;&#8221;][\/vc_column][\/vc_row]<\/p>\n","protected":false},"author":1,"featured_media":0,"parent":0,"menu_order":0,"comment_status":"closed","ping_status":"closed","template":"","meta":{"footnotes":""},"class_list":["post-2477","page","type-page","status-publish","hentry"],"_links":{"self":[{"href":"https:\/\/www.quickllama.com\/fr\/wp-json\/wp\/v2\/pages\/2477","targetHints":{"allow":["GET"]}}],"collection":[{"href":"https:\/\/www.quickllama.com\/fr\/wp-json\/wp\/v2\/pages"}],"about":[{"href":"https:\/\/www.quickllama.com\/fr\/wp-json\/wp\/v2\/types\/page"}],"author":[{"embeddable":true,"href":"https:\/\/www.quickllama.com\/fr\/wp-json\/wp\/v2\/users\/1"}],"replies":[{"embeddable":true,"href":"https:\/\/www.quickllama.com\/fr\/wp-json\/wp\/v2\/comments?post=2477"}],"version-history":[{"count":5,"href":"https:\/\/www.quickllama.com\/fr\/wp-json\/wp\/v2\/pages\/2477\/revisions"}],"predecessor-version":[{"id":2484,"href":"https:\/\/www.quickllama.com\/fr\/wp-json\/wp\/v2\/pages\/2477\/revisions\/2484"}],"wp:attachment":[{"href":"https:\/\/www.quickllama.com\/fr\/wp-json\/wp\/v2\/media?parent=2477"}],"curies":[{"name":"wp","href":"https:\/\/api.w.org\/{rel}","templated":true}]}}