{"id":2380,"date":"2019-10-17T21:53:44","date_gmt":"2019-10-17T21:53:44","guid":{"rendered":"http:\/\/diseno.tudominio.pro\/quickllama\/nuestros-horarios\/"},"modified":"2026-01-27T02:17:09","modified_gmt":"2026-01-27T07:17:09","slug":"nos-horaires","status":"publish","type":"page","link":"https:\/\/www.quickllama.com\/fr\/nos-horaires\/","title":{"rendered":"Nos Horaires"},"content":{"rendered":"<div class=\"wpb-content-wrapper\"><p>[vc_row][vc_column][vc_empty_space height=&#8221;50px&#8221; alter_height=&#8221;none&#8221; hide_on_mobile=&#8221;&#8221;][\/vc_column][\/vc_row][vc_row][vc_column][vc_column_text]<\/p>\n<h4 style=\"text-align: center;\">Horaire Janvier 2026 &#8211; Service Transfert Partag\u00e9<\/h4>\n<p>[\/vc_column_text][vc_column_text]<\/p>\n<p style=\"text-align: center;\">(le Service Transfert Priv\u00e9 est disponible \u00e0 l&#8217;heure de votre choix, 24h\/24 7h\/7)<\/p>\n<p>[\/vc_column_text][vc_empty_space height=&#8221;40px&#8221; alter_height=&#8221;none&#8221; hide_on_mobile=&#8221;&#8221;][\/vc_column][\/vc_row][vc_row][vc_column width=&#8221;1\/2&#8243; el_class=&#8221;horarios&#8221;]<div id=\"sc_title_886176973\"\n\t\tclass=\"sc_title color_style_default sc_title_default\"><h4 class=\"sc_item_title sc_title_title sc_align_center sc_item_title_style_default sc_item_title_tag\">De Miraflores \u2192 \u00c0 l'A\u00e9roport de Lima<\/h4><\/div><!-- \/.sc_title -->[vc_empty_space height=&#8221;20px&#8221; alter_height=&#8221;none&#8221; hide_on_mobile=&#8221;&#8221;][vc_single_image image=&#8221;2935&#8243; img_size=&#8221;full&#8221; alignment=&#8221;center&#8221;]     \r\n        <div class=\"pricing-plans\">    \r\n            <div class=\"wrap\">\r\n                <div class=\"pricing-grids row\" data-cols=\"col-lg-4 col-xs-12\">\r\n                \t<div class=\"cols-class\">\r\n    <div class=\"vca-style5\">\r\n        <div class=\"vca-pricingTable \">\r\n            <div class=\"vca-pricingTable-header\">\r\n                <span class=\"vca-heading\">\r\n                    <h3>D\u00e9part du Parc Kennedy<\/h3>\r\n                                    <\/span>\r\n                <span class=\"vca-price-value\"><span><\/span><span class=\"mo\"> <\/span><\/span>\r\n            <\/div>\r\n\r\n            <div class=\"vca-pricingContent\">\r\n                    <\/p>\n<ul>\n<li>\u00a002:00*<\/li>\n<li>\u00a003:30*<\/li>\n<li>04:30<\/li>\n<li>\u00a005:20*<\/li>\n<li>\u00a006:10*<\/li>\n<li>\u00a007:00*<\/li>\n<li>07:50<\/li>\n<li>\u00a008:40*<\/li>\n<li>09:30<\/li>\n<li>\u00a010:20*<\/li>\n<li>\u00a011:10*<\/li>\n<li>\u00a012:10*<\/li>\n<li>13:00<\/li>\n<li>13:30<\/li>\n<li>\u00a014:20*<\/li>\n<li>\u00a015:10*<\/li>\n<li>\u00a016:00*<\/li>\n<li>\u00a016:50*<\/li>\n<li>18:00<\/li>\n<li>\u00a018:50*<\/li>\n<li>\u00a019:40*<\/li>\n<li>\u00a021:10*<\/li>\n<li>\u00a022:00*<\/li>\n<li>23:10<\/li>\n<\/ul>\n<p>            <\/div><!-- \/  CONTENT BOX-->\r\n                    <\/div>\r\n    <\/div>\r\n<\/div>\r\n\t\t\r\n\r\n\r\n\r\n<div class=\"cols-class\">\r\n    <div class=\"vca-style5\">\r\n        <div class=\"vca-pricingTable \">\r\n            <div class=\"vca-pricingTable-header\">\r\n                <span class=\"vca-heading\">\r\n                    <h3>H\u00f4tels &amp; Domiciles<\/h3>\r\n                                    <\/span>\r\n                <span class=\"vca-price-value\"><span><\/span><span class=\"mo\"> <\/span><\/span>\r\n            <\/div>\r\n\r\n            <div class=\"vca-pricingContent\">\r\n                    <\/p>\n<ul>\n<li>02:05-02:20<\/li>\n<li>03:35-03:50<\/li>\n<li>04:35-04:50<\/li>\n<li>05:25-05:40<\/li>\n<li>06:15-06:30<\/li>\n<li>07:05-07:20<\/li>\n<li>07:55-08:10<\/li>\n<li>08:45-09:00<\/li>\n<li>09:35-09:50<\/li>\n<li>10:25-10:40<\/li>\n<li>11:15-11:30<\/li>\n<li>12:15-12:30<\/li>\n<li>13:05-13:20<\/li>\n<li>13:35-13:50<\/li>\n<li>14:25-14:40<\/li>\n<li>15:15-15:30<\/li>\n<li>16:05-16:20<\/li>\n<li>16:55-17:10<\/li>\n<li>18:05-18:20<\/li>\n<li>18:55-19:10<\/li>\n<li>19:45-20:00<\/li>\n<li>21:15-21:30<\/li>\n<li>22:05-22:20<\/li>\n<li>23:15-23:30<\/li>\n<\/ul>\n<p>            <\/div><!-- \/  CONTENT BOX-->\r\n                    <\/div>\r\n    <\/div>\r\n<\/div>\r\n\t\t\r\n\r\n\r\n\r\n<div class=\"cols-class\">\r\n    <div class=\"vca-style5\">\r\n        <div class=\"vca-pricingTable \">\r\n            <div class=\"vca-pricingTable-header\">\r\n                <span class=\"vca-heading\">\r\n                    <h3>Arrive \u00e0 l'a\u00e9roport<\/h3>\r\n                                    <\/span>\r\n                <span class=\"vca-price-value\"><span><\/span><span class=\"mo\"> <\/span><\/span>\r\n            <\/div>\r\n\r\n            <div class=\"vca-pricingContent\">\r\n                    <\/p>\n<ul>\n<li>02:50<\/li>\n<li>04:20<\/li>\n<li>05:20<\/li>\n<li>06:20<\/li>\n<li>07:10<\/li>\n<li>08:20<\/li>\n<li>09:10<\/li>\n<li>09:50<\/li>\n<li>10:40<\/li>\n<li>11:30<\/li>\n<li>12:20<\/li>\n<li>13:20<\/li>\n<li>14:10<\/li>\n<li>14:40<\/li>\n<li>15:30<\/li>\n<li>16:20<\/li>\n<li>17:10<\/li>\n<li>18:20<\/li>\n<li>19:30<\/li>\n<li>20:10<\/li>\n<li>20:50<\/li>\n<li>22:20<\/li>\n<li>23:00<\/li>\n<li>00:00<\/li>\n<\/ul>\n<p>            <\/div><!-- \/  CONTENT BOX-->\r\n                    <\/div>\r\n    <\/div>\r\n<\/div>\r\n\t\t\r\n\r\n\r\n\r\n                <\/div>\r\n            <\/div>\r\n        <\/div>\r\n\r\n        [vc_column_text]<\/p>\n<p style=\"text-align: center;\"><strong><span style=\"text-decoration: underline;\">IMPORTANT<\/span>\u00a0<\/strong>: Notre service de transfert partag\u00e9 fonctionne de lundi \u00e0 samedi. Le dimanche, nous avons un horaire r\u00e9duit et seulement fonctionnent les d\u00e9parts marqu\u00e9s d&#8217;un ast\u00e9risque (*). N&#8217;oubliez pas que nous avons aussi des services de transfert priv\u00e9, qui sont disponibles 24h\/24 et 7j\/7, dans tout Lima et \u00e0 tout moment.<\/p>\n<p>[\/vc_column_text][vc_empty_space height=&#8221;80px&#8221; alter_height=&#8221;none&#8221; hide_on_mobile=&#8221;&#8221;][\/vc_column][vc_column width=&#8221;1\/2&#8243; el_class=&#8221;horarios&#8221;]<div id=\"sc_title_1694680074\"\n\t\tclass=\"sc_title color_style_default sc_title_default\"><h4 class=\"sc_item_title sc_title_title sc_align_center sc_item_title_style_default sc_item_title_tag\">De l'A\u00e9roport de Lima \u2192 \u00c0 Miraflores<\/h4><\/div><!-- \/.sc_title -->[vc_empty_space height=&#8221;20px&#8221; alter_height=&#8221;none&#8221; hide_on_mobile=&#8221;&#8221;][vc_single_image image=&#8221;2935&#8243; img_size=&#8221;full&#8221; alignment=&#8221;center&#8221;]     \r\n        <div class=\"pricing-plans\">    \r\n            <div class=\"wrap\">\r\n                <div class=\"pricing-grids row\" data-cols=\"col-lg-4 col-xs-12\">\r\n                \t<div class=\"cols-class\">\r\n    <div class=\"vca-style5\">\r\n        <div class=\"vca-pricingTable \">\r\n            <div class=\"vca-pricingTable-header\">\r\n                <span class=\"vca-heading\">\r\n                    <h3>D\u00e9part de l'a\u00e9roport<\/h3>\r\n                                    <\/span>\r\n                <span class=\"vca-price-value\"><span><\/span><span class=\"mo\"> <\/span><\/span>\r\n            <\/div>\r\n\r\n            <div class=\"vca-pricingContent\">\r\n                    <\/p>\n<ul>\n<li>02:50<\/li>\n<li>05:40<\/li>\n<li>\u00a006:30*<\/li>\n<li>\u00a007:30*<\/li>\n<li>\u00a008:40*<\/li>\n<li>09:30<\/li>\n<li>\u00a010:20*<\/li>\n<li>\u00a011:00*<\/li>\n<li>11:40<\/li>\n<li>\u00a012:30*<\/li>\n<li>\u00a013:30*<\/li>\n<li>14:20<\/li>\n<li>\u00a015:00*<\/li>\n<li>\u00a015:50*<\/li>\n<li>16:50<\/li>\n<li>\u00a017:30*<\/li>\n<li>\u00a018:30*<\/li>\n<li>\u00a019:40*<\/li>\n<li>20:30<\/li>\n<li>\u00a021:10*<\/li>\n<li>22:00<\/li>\n<li>\u00a022:40*<\/li>\n<li>\u00a023:20*<\/li>\n<li>00:20<\/li>\n<\/ul>\n<p>            <\/div><!-- \/  CONTENT BOX-->\r\n                    <\/div>\r\n    <\/div>\r\n<\/div>\r\n\t\t\r\n\r\n\r\n\r\n<div class=\"cols-class\">\r\n    <div class=\"vca-style5\">\r\n        <div class=\"vca-pricingTable \">\r\n            <div class=\"vca-pricingTable-header\">\r\n                <span class=\"vca-heading\">\r\n                    <h3>H\u00f4tels &amp; Domiciles<\/h3>\r\n                                    <\/span>\r\n                <span class=\"vca-price-value\"><span><\/span><span class=\"mo\"> <\/span><\/span>\r\n            <\/div>\r\n\r\n            <div class=\"vca-pricingContent\">\r\n                    <\/p>\n<ul>\n<li>03:30<\/li>\n<li>06:20<\/li>\n<li>07:10<\/li>\n<li>08:20<\/li>\n<li>09:30<\/li>\n<li>10:20<\/li>\n<li>11:10<\/li>\n<li>11:50<\/li>\n<li>12:30<\/li>\n<li>13:20<\/li>\n<li>14:20<\/li>\n<li>15:10<\/li>\n<li>15:50<\/li>\n<li>16:40<\/li>\n<li>17:50<\/li>\n<li>18:30<\/li>\n<li>19:30<\/li>\n<li>20:30<\/li>\n<li>21:20<\/li>\n<li>22:00<\/li>\n<li>22:50<\/li>\n<li>23:30<\/li>\n<li>00:00<\/li>\n<li>00:50<\/li>\n<\/ul>\n<p>            <\/div><!-- \/  CONTENT BOX-->\r\n                    <\/div>\r\n    <\/div>\r\n<\/div>\r\n\t\t\r\n\r\n\r\n\r\n<div class=\"cols-class\">\r\n    <div class=\"vca-style5\">\r\n        <div class=\"vca-pricingTable \">\r\n            <div class=\"vca-pricingTable-header\">\r\n                <span class=\"vca-heading\">\r\n                    <h3>Arrive au Parc Kennedy<\/h3>\r\n                                    <\/span>\r\n                <span class=\"vca-price-value\"><span><\/span><span class=\"mo\"> <\/span><\/span>\r\n            <\/div>\r\n\r\n            <div class=\"vca-pricingContent\">\r\n                    <\/p>\n<ul>\n<li>03:40<\/li>\n<li>06:30<\/li>\n<li>07:20<\/li>\n<li>08:30<\/li>\n<li>09:40<\/li>\n<li>10:30<\/li>\n<li>11:20<\/li>\n<li>12:00<\/li>\n<li>12:40<\/li>\n<li>13:30<\/li>\n<li>14:30<\/li>\n<li>15:20<\/li>\n<li>16:00<\/li>\n<li>16:50<\/li>\n<li>18:00<\/li>\n<li>18:40<\/li>\n<li>19:40<\/li>\n<li>20:40<\/li>\n<li>21:30<\/li>\n<li>22:10<\/li>\n<li>23:00<\/li>\n<li>23:40<\/li>\n<li>00:10<\/li>\n<li>01:00<\/li>\n<\/ul>\n<p>            <\/div><!-- \/  CONTENT BOX-->\r\n                    <\/div>\r\n    <\/div>\r\n<\/div>\r\n\t\t\r\n\r\n\r\n\r\n                <\/div>\r\n            <\/div>\r\n        <\/div>\r\n\r\n        [vc_column_text]<\/p>\n<p style=\"text-align: center;\"><strong><span style=\"text-decoration: underline;\">IMPORTANT<\/span>\u00a0<\/strong>: Notre service de transfert partag\u00e9 fonctionne de lundi \u00e0 samedi. Le dimanche, nous avons un horaire r\u00e9duit et seulement fonctionnent les d\u00e9parts marqu\u00e9s d&#8217;un ast\u00e9risque (*). N&#8217;oubliez pas que nous avons aussi des services de transfert priv\u00e9, qui sont disponibles 24h\/24 et 7j\/7, dans tout Lima et \u00e0 tout moment.<\/p>\n<p>[\/vc_column_text][vc_empty_space height=&#8221;80px&#8221; alter_height=&#8221;none&#8221; hide_on_mobile=&#8221;&#8221;][\/vc_column][\/vc_row][vc_row][vc_column]<div class=\"sc_layouts sc_layouts_default sc_layouts_2286\">[vc_row full_width=\"stretch_row\" css=\".vc_custom_1570060392693{background-image: url(http:\/\/diseno.tudominio.pro\/quickllama\/wp-content\/uploads\/2017\/05\/bg-call-us2.png?id=1589) !important;background-position: center !important;background-repeat: no-repeat !important;background-size: cover !important;}\"][vc_column icons_position=\"left\"][vc_row_inner][vc_column_inner width=\"2\/3\" icons_position=\"left\" offset=\"vc_col-lg-12 vc_col-md-6 vc_col-xs-12\"][vc_empty_space height=\"2.8rem\" alter_height=\"none\" hide_on_mobile=\"1\"][vc_empty_space alter_height=\"huge\" hide_on_mobile=\"\"][vc_custom_heading text=\"FACILE, PAS CHER ET S\u00dbR\" font_container=\"tag:h3|font_size:1.7647rem|text_align:left|color:%23ffffff|line_height:1.7em\" use_theme_fonts=\"yes\" el_class=\"fw700\" css=\".vc_custom_1575594229877{margin-top: 0px !important;margin-bottom: 1rem !important;}\"][vc_custom_heading text=\"+51 960 165 148\" font_container=\"tag:h2|font_size:5.88rem|text_align:left|color:%2302e5e3|line_height:1.1em\" use_theme_fonts=\"yes\" css=\".vc_custom_1573066932854{margin-top: 0px !important;margin-bottom: 0.7rem !important;}\" link=\"url:tel%3A%2B51960165148|||\" el_class=\"link-light\"][vc_custom_heading text=\"Le service plus simple et plus \u00e9conomique d\u2019aller ou venir de l\u2019a\u00e9roport de Lima.\" font_container=\"tag:h6|font_size:1.7647rem|text_align:left|color:%23ffffff|line_height:2.2rem\" use_theme_fonts=\"yes\" el_class=\"fw400\" css=\".vc_custom_1575594253860{margin-top: 0px !important;margin-bottom: 2rem !important;}\"][vc_btn title=\"R\u00e9servez Maintenant\" style=\"custom\" custom_background=\"#02e5e3\" custom_text=\"#7500c7\" shape=\"square\" size=\"sm\" i_align=\"right\" i_icon_fontawesome=\"icon-plus\" add_icon=\"true\" custom_onclick=\"true\" custom_onclick_code=\"document.dispatchEvent(new Event('RS_OPENMODAL_modal-quickllama-fr')); return false\"][vc_wp_text]\n\t\t\t<!-- START Modal Quickllama Fr REVOLUTION SLIDER 6.7.40 --><p class=\"rs-p-wp-fix\"><\/p>\n\t\t\t<rs-module-wrap id=\"rev_slider_10_1_wrapper\" class=\"rs-modal\" data-source=\"gallery\" style=\"visibility:hidden;background:transparent;padding:0;margin:0px auto;margin-top:0;margin-bottom:0;\">\n\t\t\t\t<rs-module id=\"rev_slider_10_1\" style=\"\" data-version=\"6.7.40\">\n\t\t\t\t\t<rs-slides style=\"overflow: hidden; position: absolute;\">\n\t\t\t\t\t\t<rs-slide style=\"position: absolute;\" data-key=\"rs-22\" data-title=\"Slide\" data-anim=\"ms:1000;r:0;\" data-in=\"o:0;\" data-out=\"a:false;\">\n\t\t\t\t\t\t\t<img decoding=\"async\" src=\"\/\/www.quickllama.com\/wp-content\/plugins\/revslider\/sr6\/assets\/assets\/dummy.png\" alt=\"Slide\" title=\"Nos Horaires\" class=\"rev-slidebg tp-rs-img rs-lazyload\" data-lazyload=\"\/\/www.quickllama.com\/wp-content\/plugins\/revslider\/sr6\/assets\/assets\/transparent.png\" data-no-retina>\n<!--\n\t\t\t\t\t\t\t--><rs-layer\n\t\t\t\t\t\t\t\tid=\"slider-10-slide-22-layer-0\" \n\t\t\t\t\t\t\t\tdata-type=\"shape\"\n\t\t\t\t\t\t\t\tdata-rsp_ch=\"on\"\n\t\t\t\t\t\t\t\tdata-xy=\"x:c;y:m;yo:24px,19px,0,0;\"\n\t\t\t\t\t\t\t\tdata-text=\"w:normal;s:20,16,12,7;l:0,20,15,9;\"\n\t\t\t\t\t\t\t\tdata-dim=\"w:611px,504px,473px,410px;h:595px,491px,456px,512px;\"\n\t\t\t\t\t\t\t\tdata-frame_999=\"o:0;st:w;\"\n\t\t\t\t\t\t\t\tstyle=\"z-index:8;background-color:#5f00ad;\"\n\t\t\t\t\t\t\t> \n\t\t\t\t\t\t\t<\/rs-layer><!--\n\n\t\t\t\t\t\t\t--><rs-layer\n\t\t\t\t\t\t\t\tid=\"slider-10-slide-22-layer-1\" \n\t\t\t\t\t\t\t\tdata-type=\"button\"\n\t\t\t\t\t\t\t\tdata-rsp_ch=\"on\"\n\t\t\t\t\t\t\t\tdata-xy=\"xo:748px,617px,468px,288px;yo:243px,200px,151px,93px;\"\n\t\t\t\t\t\t\t\tdata-text=\"w:normal;s:67,55,41,25;l:83,68,51,31;\"\n\t\t\t\t\t\t\t\tdata-actions='o:click;a:closemodal;'\n\t\t\t\t\t\t\t\tdata-frame_999=\"o:0;st:w;\"\n\t\t\t\t\t\t\t\tstyle=\"z-index:9;font-family:'Roboto';\"\n\t\t\t\t\t\t\t> \n\t\t\t\t\t\t\t<\/rs-layer><!--\n\n\t\t\t\t\t\t\t--><rs-layer\n\t\t\t\t\t\t\t\tid=\"slider-10-slide-22-layer-2\" \n\t\t\t\t\t\t\t\tdata-type=\"text\"\n\t\t\t\t\t\t\t\tdata-color=\"#35e5e3\"\n\t\t\t\t\t\t\t\tdata-rsp_ch=\"on\"\n\t\t\t\t\t\t\t\tdata-xy=\"xo:898px,741px,609px,430px;yo:140px,128px,229px,87px;\"\n\t\t\t\t\t\t\t\tdata-text=\"w:normal;s:61,50,37,35;l:77,63,47,35;\"\n\t\t\t\t\t\t\t\tdata-actions='o:click;a:closemodal;'\n\t\t\t\t\t\t\t\tdata-frame_999=\"o:0;st:w;\"\n\t\t\t\t\t\t\t\tdata-frame_hover=\"sX:1.01;sY:1.01;c:#fff;\"\n\t\t\t\t\t\t\t\tstyle=\"z-index:10;font-family:'Roboto';cursor:pointer;\"\n\t\t\t\t\t\t\t><i class=\"fa-times-circle-o\" style=\"color:#35e5e3\"><\/i> \n\t\t\t\t\t\t\t<\/rs-layer><!--\n\n\t\t\t\t\t\t\t--><a\n\t\t\t\t\t\t\t\tid=\"slider-10-slide-22-layer-3\" \n\t\t\t\t\t\t\t\tclass=\"rs-layer\"\n\t\t\t\t\t\t\t\thref=\"https:\/\/quickllama.simplybook.me\/v2\/#book\" target=\"_blank\" rel=\"nofollow noopener\"\n\t\t\t\t\t\t\t\tdata-type=\"button\"\n\t\t\t\t\t\t\t\tdata-rsp_ch=\"on\"\n\t\t\t\t\t\t\t\tdata-xy=\"xo:348px,287px,185px,60px;yo:275px,238px,320px,168px;\"\n\t\t\t\t\t\t\t\tdata-text=\"w:normal;s:17,14,14,17;l:22,18,17,20;a:center;\"\n\t\t\t\t\t\t\t\tdata-dim=\"w:261px,215px,197px,170px;h:148px,122px,111px,150px;\"\n\t\t\t\t\t\t\t\tdata-padding=\"t:10,8,6,6;r:20,17,14,13;b:10,8,6,6;l:20,17,14,13;\"\n\t\t\t\t\t\t\t\tdata-border=\"bos:solid;boc:#35e5e3;bow:0,0,2px,0;\"\n\t\t\t\t\t\t\t\tdata-frame_999=\"o:0;st:w;\"\n\t\t\t\t\t\t\t\tdata-frame_hover=\"sX:1.02;sY:1.02;bgc:#7500c7;\"\n\t\t\t\t\t\t\t\tstyle=\"z-index:14;background-color:#7500c7;font-family:'Poppins';cursor:pointer;\"\n\t\t\t\t\t\t\t><br \/>R\u00e9server en ligne et payez au chauffeur<br \/><br \/><i class=\"fa-shopping-cart\" style=\"color:#35e5e3; font-size: 1.7em\"><\/i> \n\t\t\t\t\t\t\t<\/a><!--\n\n\t\t\t\t\t\t\t--><a\n\t\t\t\t\t\t\t\tid=\"slider-10-slide-22-layer-4\" \n\t\t\t\t\t\t\t\tclass=\"rs-layer\"\n\t\t\t\t\t\t\t\thref=\"https:\/\/api.whatsapp.com\/send?phone=51960165148&#038;text=Hola,%20solicito%20m%C3%A1s%20info\" target=\"_blank\" rel=\"nofollow noopener\"\n\t\t\t\t\t\t\t\tdata-type=\"button\"\n\t\t\t\t\t\t\t\tdata-rsp_ch=\"on\"\n\t\t\t\t\t\t\t\tdata-xy=\"xo:633px,522px,400px,253px;yo:276px,238px,321px,168px;\"\n\t\t\t\t\t\t\t\tdata-text=\"w:normal;s:17,14,14,17;l:22,18,17,20;a:center;\"\n\t\t\t\t\t\t\t\tdata-dim=\"w:261px,215px,197px,170px;h:148px,122px,111px,150px;\"\n\t\t\t\t\t\t\t\tdata-padding=\"t:10,8,6,5;r:20,17,13,11;b:10,8,6,5;l:20,17,13,11;\"\n\t\t\t\t\t\t\t\tdata-border=\"bos:solid;boc:#35e5e3;bow:0,0,2px,0;\"\n\t\t\t\t\t\t\t\tdata-frame_999=\"o:0;st:w;\"\n\t\t\t\t\t\t\t\tdata-frame_hover=\"sX:1.02;sY:1.02;bgc:#7500c7;\"\n\t\t\t\t\t\t\t\tstyle=\"z-index:13;background-color:#7500c7;font-family:'Poppins';cursor:pointer;\"\n\t\t\t\t\t\t\t><br \/>R\u00e9server par Whatsapp<br \/><br \/><i class=\"fa-whatsapp\" style=\"color:#25d366; font-size: 1.7em\"><\/i> \n\t\t\t\t\t\t\t<\/a><!--\n\n\t\t\t\t\t\t\t--><rs-layer\n\t\t\t\t\t\t\t\tid=\"slider-10-slide-22-layer-5\" \n\t\t\t\t\t\t\t\tdata-type=\"text\"\n\t\t\t\t\t\t\t\tdata-color=\"#35e5e3\"\n\t\t\t\t\t\t\t\tdata-rsp_ch=\"on\"\n\t\t\t\t\t\t\t\tdata-xy=\"x:c;xo:0,0,5px,3px;yo:212px,186px,277px,125px;\"\n\t\t\t\t\t\t\t\tdata-text=\"w:normal;s:29,23,23,20;l:29,23,28,25;fw:800;a:center;\"\n\t\t\t\t\t\t\t\tdata-frame_999=\"o:0;st:w;\"\n\t\t\t\t\t\t\t\tstyle=\"z-index:16;font-family:'Poppins';\"\n\t\t\t\t\t\t\t>Fa\u00e7ons de r\u00e9server\t\t\t\t\t\t\t\t\t\t\t\t\t\t \n\t\t\t\t\t\t\t<\/rs-layer><!--\n\n\t\t\t\t\t\t\t--><a\n\t\t\t\t\t\t\t\tid=\"slider-10-slide-22-layer-6\" \n\t\t\t\t\t\t\t\tclass=\"rs-layer\"\n\t\t\t\t\t\t\t\thref=\"https:\/\/www.facebook.com\/msg\/QuickLlama\/?show_interstitial=0&#038;mdotme_uri=https%3A%2F%2Fm.me%2FQuickLlama&#038;handler=m.me&#038;referer\" target=\"_self\" rel=\"nofollow\"\n\t\t\t\t\t\t\t\tdata-type=\"button\"\n\t\t\t\t\t\t\t\tdata-rsp_ch=\"on\"\n\t\t\t\t\t\t\t\tdata-xy=\"xo:350px,289px,185px,61px;yo:448px,380px,450px,340px;\"\n\t\t\t\t\t\t\t\tdata-text=\"w:normal;s:17,14,14,17;l:22,18,17,20;a:center;\"\n\t\t\t\t\t\t\t\tdata-dim=\"w:261px,215px,197px,170px;h:148px,122px,111px,150px;\"\n\t\t\t\t\t\t\t\tdata-padding=\"t:10,8,7,4;r:20,17,16,10;b:10,8,7,4;l:20,17,16,10;\"\n\t\t\t\t\t\t\t\tdata-border=\"bos:solid;boc:#35e5e3;bow:0,0,2px,0;\"\n\t\t\t\t\t\t\t\tdata-frame_999=\"o:0;st:w;\"\n\t\t\t\t\t\t\t\tdata-frame_hover=\"sX:1.02;sY:1.02;bgc:#7500c7;\"\n\t\t\t\t\t\t\t\tstyle=\"z-index:12;background-color:#7500c7;font-family:'Poppins';cursor:pointer;\"\n\t\t\t\t\t\t\t><br \/>R\u00e9server par Facebook Messenger<br \/><br \/><i class=\"fa-facebook-f\" style=\"color:#35e5e3; font-size: 1.7em\"><\/i> \n\t\t\t\t\t\t\t<\/a><!--\n\n\t\t\t\t\t\t\t--><a\n\t\t\t\t\t\t\t\tid=\"slider-10-slide-22-layer-7\" \n\t\t\t\t\t\t\t\tclass=\"rs-layer\"\n\t\t\t\t\t\t\t\thref=\"tel:+51960165148\" target=\"_self\" rel=\"nofollow\"\n\t\t\t\t\t\t\t\tdata-type=\"button\"\n\t\t\t\t\t\t\t\tdata-rsp_ch=\"on\"\n\t\t\t\t\t\t\t\tdata-xy=\"xo:633px,522px,400px,253px;yo:448px,380px,450px,340px;\"\n\t\t\t\t\t\t\t\tdata-text=\"w:normal;s:16,13,13,17;l:22,17,16,20;a:center;\"\n\t\t\t\t\t\t\t\tdata-dim=\"w:261px,215px,197px,170px;h:148px,122px,111px,150px;\"\n\t\t\t\t\t\t\t\tdata-padding=\"t:10,8,6,4;r:20,17,13,8;b:10,8,6,4;l:20,17,13,8;\"\n\t\t\t\t\t\t\t\tdata-border=\"bos:solid;boc:#35e5e3;bow:0,0,2px,0;\"\n\t\t\t\t\t\t\t\tdata-frame_999=\"o:0;st:w;\"\n\t\t\t\t\t\t\t\tdata-frame_hover=\"sX:1.02;sY:1.02;bgc:#7500c7;\"\n\t\t\t\t\t\t\t\tstyle=\"z-index:11;background-color:#7500c7;font-family:'Poppins';cursor:pointer;\"\n\t\t\t\t\t\t\t><br \/>Appelez-nous par t\u00e9l\u00e9phone <br \/><br \/><span style=\"color:#35e5e3; font-size: 1em; font-weight:600; letter-spacing:1px\">+51 960 165 148<\/span> \n\t\t\t\t\t\t\t<\/a><!--\n\n\t\t\t\t\t\t\t--><rs-layer\n\t\t\t\t\t\t\t\tid=\"slider-10-slide-22-layer-8\" \n\t\t\t\t\t\t\t\tdata-type=\"text\"\n\t\t\t\t\t\t\t\tdata-color=\"#35e5e3\"\n\t\t\t\t\t\t\t\tdata-rsp_ch=\"on\"\n\t\t\t\t\t\t\t\tdata-xy=\"x:c;xo:0,0,-6px,0;yo:643px,541px,605px,524px;\"\n\t\t\t\t\t\t\t\tdata-text=\"w:normal;s:21,17,16,14;l:24,19,14,13;fw:500;a:center;\"\n\t\t\t\t\t\t\t\tdata-frame_999=\"o:0;st:w;\"\n\t\t\t\t\t\t\t\tstyle=\"z-index:15;font-family:'Poppins';\"\n\t\t\t\t\t\t\t>Moyens de paiement\t\t\t\t\t\t\t \n\t\t\t\t\t\t\t<\/rs-layer><!--\n\n\t\t\t\t\t\t\t--><rs-layer\n\t\t\t\t\t\t\t\tid=\"slider-10-slide-22-layer-9\" \n\t\t\t\t\t\t\t\tdata-type=\"image\"\n\t\t\t\t\t\t\t\tdata-rsp_ch=\"on\"\n\t\t\t\t\t\t\t\tdata-xy=\"x:c;xo:0,0,0,-5px;yo:695px,584px,643px,559px;\"\n\t\t\t\t\t\t\t\tdata-text=\"w:normal;s:20,16,12,7;l:0,20,15,9;\"\n\t\t\t\t\t\t\t\tdata-dim=\"w:401px,331px,309px,279px;h:38px,31px,29px,26px;\"\n\t\t\t\t\t\t\t\tdata-frame_999=\"o:0;st:w;\"\n\t\t\t\t\t\t\t\tstyle=\"z-index:18;\"\n\t\t\t\t\t\t\t><img decoding=\"async\" src=\"\/\/www.quickllama.com\/wp-content\/plugins\/revslider\/sr6\/assets\/assets\/dummy.png\" alt=\"quickllama payments\" class=\"tp-rs-img rs-lazyload\" width=\"1067\" height=\"100\" data-lazyload=\"\/\/diseno.tudominio.pro\/quickllama\/wp-content\/uploads\/2019\/10\/payment3.png\" data-no-retina> \n\t\t\t\t\t\t\t<\/rs-layer><!--\n\n\t\t\t\t\t\t\t--><rs-layer\n\t\t\t\t\t\t\t\tid=\"slider-10-slide-22-layer-10\" \n\t\t\t\t\t\t\t\tdata-type=\"shape\"\n\t\t\t\t\t\t\t\tdata-rsp_ch=\"on\"\n\t\t\t\t\t\t\t\tdata-xy=\"x:c;yo:680px,572px,632px,549px;\"\n\t\t\t\t\t\t\t\tdata-text=\"w:normal;s:20,16,12,7;l:0,20,15,9;\"\n\t\t\t\t\t\t\t\tdata-dim=\"w:543px,448px,409px,359px;h:62px,51px,49px,43px;\"\n\t\t\t\t\t\t\t\tdata-border=\"bor:2px,2px,2px,2px;\"\n\t\t\t\t\t\t\t\tdata-frame_0=\"x:0,0,0,0px;y:0,0,0,0px;\"\n\t\t\t\t\t\t\t\tdata-frame_1=\"x:0,0,0,0px;y:0,0,0,0px;\"\n\t\t\t\t\t\t\t\tdata-frame_999=\"o:0;st:w;\"\n\t\t\t\t\t\t\t\tstyle=\"z-index:17;background-color:#ffffff;\"\n\t\t\t\t\t\t\t> \n\t\t\t\t\t\t\t<\/rs-layer><!--\n-->\t\t\t\t\t<\/rs-slide>\n\t\t\t\t\t<\/rs-slides>\n\t\t\t\t<\/rs-module>\n\t\t\t\t<script>\n\t\t\t\t\tsetREVStartSize({c: 'rev_slider_10_1',rl:[1240,1024,778,480],el:[900,768,960,720],gw:[1240,1024,778,480],gh:[900,768,960,720],type:'standard',justify:'',layout:'fullwidth',mh:\"0\"});if (window.RS_MODULES!==undefined && window.RS_MODULES.modules!==undefined && window.RS_MODULES.modules[\"revslider101\"]!==undefined) {window.RS_MODULES.modules[\"revslider101\"].once = false;window.revapi10 = undefined;if (window.RS_MODULES.checkMinimal!==undefined) window.RS_MODULES.checkMinimal()}\n\t\t\t\t<\/script>\n\t\t\t<\/rs-module-wrap>\n\t\t\t<!-- END REVOLUTION SLIDER -->\n\t\t\t<link rel=\"preload\" as=\"font\" id=\"rs-icon-set-fa-icon-woff\" type=\"font\/woff2\" crossorigin=\"anonymous\" href=\"\/\/www.quickllama.com\/wp-content\/plugins\/revslider\/sr6\/assets\/fonts\/font-awesome\/fonts\/fontawesome-webfont.woff2?v=4.7.0\" media=\"all\" \/>\n\t\t\t<link rel=\"stylesheet\" property=\"stylesheet\" id=\"rs-icon-set-fa-icon-css\" href=\"\/\/www.quickllama.com\/wp-content\/plugins\/revslider\/sr6\/assets\/fonts\/font-awesome\/css\/font-awesome.css\" type=\"text\/css\" media=\"all\" \/>\n[\/vc_wp_text][vc_empty_space alter_height=\"huge\" hide_on_mobile=\"\"][vc_empty_space height=\"2.8rem\" alter_height=\"none\" hide_on_mobile=\"1\"][\/vc_column_inner][vc_column_inner width=\"1\/3\" icons_position=\"left\" offset=\"vc_col-lg-12 vc_col-md-6 vc_col-xs-12\"][\/vc_column_inner][\/vc_row_inner][\/vc_column][\/vc_row]<\/div>[\/vc_column][\/vc_row]<\/p>\n<\/div>","protected":false},"excerpt":{"rendered":"<p>[vc_row][vc_column][vc_empty_space height=&#8221;50px&#8221; alter_height=&#8221;none&#8221; hide_on_mobile=&#8221;&#8221;][\/vc_column][\/vc_row][vc_row][vc_column][vc_column_text] Horaire Janvier 2026 &#8211; Service Transfert Partag\u00e9 [\/vc_column_text][vc_column_text] (le Service Transfert Priv\u00e9 est disponible \u00e0 l&#8217;heure de votre choix, 24h\/24 7h\/7) [\/vc_column_text][vc_empty_space height=&#8221;40px&#8221; alter_height=&#8221;none&#8221; hide_on_mobile=&#8221;&#8221;][\/vc_column][\/vc_row][vc_row][vc_column width=&#8221;1\/2&#8243; el_class=&#8221;horarios&#8221;][vc_empty_space height=&#8221;20px&#8221; alter_height=&#8221;none&#8221; hide_on_mobile=&#8221;&#8221;][vc_single_image image=&#8221;2935&#8243; img_size=&#8221;full&#8221; alignment=&#8221;center&#8221;][vc_column_text] IMPORTANT\u00a0: Notre service&hellip;<\/p>\n","protected":false},"author":1,"featured_media":0,"parent":0,"menu_order":0,"comment_status":"closed","ping_status":"closed","template":"","meta":{"footnotes":""},"class_list":["post-2380","page","type-page","status-publish","hentry"],"_links":{"self":[{"href":"https:\/\/www.quickllama.com\/fr\/wp-json\/wp\/v2\/pages\/2380","targetHints":{"allow":["GET"]}}],"collection":[{"href":"https:\/\/www.quickllama.com\/fr\/wp-json\/wp\/v2\/pages"}],"about":[{"href":"https:\/\/www.quickllama.com\/fr\/wp-json\/wp\/v2\/types\/page"}],"author":[{"embeddable":true,"href":"https:\/\/www.quickllama.com\/fr\/wp-json\/wp\/v2\/users\/1"}],"replies":[{"embeddable":true,"href":"https:\/\/www.quickllama.com\/fr\/wp-json\/wp\/v2\/comments?post=2380"}],"version-history":[{"count":73,"href":"https:\/\/www.quickllama.com\/fr\/wp-json\/wp\/v2\/pages\/2380\/revisions"}],"predecessor-version":[{"id":3244,"href":"https:\/\/www.quickllama.com\/fr\/wp-json\/wp\/v2\/pages\/2380\/revisions\/3244"}],"wp:attachment":[{"href":"https:\/\/www.quickllama.com\/fr\/wp-json\/wp\/v2\/media?parent=2380"}],"curies":[{"name":"wp","href":"https:\/\/api.w.org\/{rel}","templated":true}]}}